{"id":9036,"date":"2020-05-28T09:45:44","date_gmt":"2020-05-28T07:45:44","guid":{"rendered":"https:\/\/canaves.com\/canaves-spa\/"},"modified":"2026-03-24T12:19:47","modified_gmt":"2026-03-24T10:19:47","slug":"canaves-spa","status":"publish","type":"page","link":"https:\/\/canaves.com\/pt-pt\/canaves-spa\/","title":{"rendered":"Melhor Spa em Santorini | Canaves Oia"},"content":{"rendered":"<p>Concebido no interior de uma gruta natural, o Canaves Spa disp\u00f5e de 2 salas de tratamento, um est\u00fadio de manicure, um banho de vapor Rasul, uma sauna e uma incr\u00edvel sala de tratamento para casais no exterior com uma vista \u00fanica sobre a Caldeira. A nossa equipa de profissionais de spa e as pr\u00e1ticas delicadamente selecionadas de todo o mundo harmonizam-se para oferecer aos nossos h\u00f3spedes uma experi\u00eancia de spa inesquec\u00edvel. O Spa foi transformado de uma adega de vinho do s\u00e9culo XVII num spa de luxo sem perder o seu charme inerente. \u00c9 verdadeiramente &#8216;um Spa com uma Alma de Santorini&#8217; com uma jornada inesquec\u00edvel para o cliente com tratamentos exclusivos oferecidos pela experiente equipa da ExclusivelySpa.   <\/p>\n<p>O menu de tratamentos do spa inclui o famoso Rasul \u00ae, uma inven\u00e7\u00e3o do pioneiro do bem-estar Paul Haslauer, onde n\u00e3o s\u00f3 a pele \u00e9 mimada e perfeitamente cuidada, mas tamb\u00e9m a mente e a alma podem libertar-se. Paul Haslauer transformou uma cerim\u00f3nia oriental de limpeza e cuidado da pele com milhares de anos num sistema moderno que se tornou um elemento essencial de muitos neg\u00f3cios de spa. Tamb\u00e9m no nosso menu, os h\u00f3spedes podem desfrutar de experi\u00eancias de massagem com produtos Cinq Mondes provenientes de Rituais de todo o mundo, proporcionando assim tratamentos de bem-estar e relaxamento n\u00e3o m\u00e9dicos.  <\/p>\n<p>&nbsp;<\/p>\n","protected":false},"excerpt":{"rendered":"<p>Concebido no interior de uma gruta natural, o Canaves Spa disp\u00f5e de 2 salas de tratamento, um est\u00fadio de manicure, um banho de vapor Rasul, uma sauna e uma incr\u00edvel sala de tratamento para casais no exterior com uma vista&hellip;<\/p>\n","protected":false},"author":1,"featured_media":4622,"parent":0,"menu_order":0,"comment_status":"closed","ping_status":"closed","template":"portal\/canavaspa.php","meta":{"_acf_changed":false,"footnotes":""},"class_list":["post-9036","page","type-page","status-publish","has-post-thumbnail","hentry","entry","has-media"],"acf":[],"aioseo_notices":[],"_links":{"self":[{"href":"https:\/\/canaves.com\/pt-pt\/wp-json\/wp\/v2\/pages\/9036","targetHints":{"allow":["GET"]}}],"collection":[{"href":"https:\/\/canaves.com\/pt-pt\/wp-json\/wp\/v2\/pages"}],"about":[{"href":"https:\/\/canaves.com\/pt-pt\/wp-json\/wp\/v2\/types\/page"}],"author":[{"embeddable":true,"href":"https:\/\/canaves.com\/pt-pt\/wp-json\/wp\/v2\/users\/1"}],"replies":[{"embeddable":true,"href":"https:\/\/canaves.com\/pt-pt\/wp-json\/wp\/v2\/comments?post=9036"}],"version-history":[{"count":0,"href":"https:\/\/canaves.com\/pt-pt\/wp-json\/wp\/v2\/pages\/9036\/revisions"}],"wp:featuredmedia":[{"embeddable":true,"href":"https:\/\/canaves.com\/pt-pt\/wp-json\/wp\/v2\/media\/4622"}],"wp:attachment":[{"href":"https:\/\/canaves.com\/pt-pt\/wp-json\/wp\/v2\/media?parent=9036"}],"curies":[{"name":"wp","href":"https:\/\/api.w.org\/{rel}","templated":true}]}}