{"id":9049,"date":"2018-06-04T13:11:31","date_gmt":"2018-06-04T11:11:31","guid":{"rendered":"https:\/\/canaves.com\/accommodations\/"},"modified":"2026-03-24T12:25:58","modified_gmt":"2026-03-24T10:25:58","slug":"accommodations","status":"publish","type":"page","link":"https:\/\/canaves.com\/pt-pt\/canaves-oia-epitome\/accommodations\/","title":{"rendered":"Alojamento"},"content":{"rendered":"<p>As suites e villas de luxo do Canaves Epitome oferecem uma harmonia de espa\u00e7os amplos, design elegante e envolv\u00eancia deslumbrante. Interiores espa\u00e7osos fluem para \u00e1reas de estar exteriores opulentas, onde piscinas privadas e panoramas sobre a Caldeira e o Mar Egeu evocam uma sensa\u00e7\u00e3o de maravilha. <\/p>\n","protected":false},"excerpt":{"rendered":"<p>As suites e villas de luxo do Canaves Epitome oferecem uma harmonia de espa\u00e7os amplos, design elegante e envolv\u00eancia deslumbrante. Interiores espa\u00e7osos fluem para \u00e1reas de estar exteriores opulentas, onde piscinas privadas e panoramas sobre a Caldeira e o Mar&hellip;<\/p>\n","protected":false},"author":1,"featured_media":4622,"parent":9062,"menu_order":0,"comment_status":"closed","ping_status":"closed","template":"canepitome\/rooms.php","meta":{"_acf_changed":false,"footnotes":""},"class_list":["post-9049","page","type-page","status-publish","has-post-thumbnail","hentry","property-epitome","entry","has-media"],"acf":[],"aioseo_notices":[],"_links":{"self":[{"href":"https:\/\/canaves.com\/pt-pt\/wp-json\/wp\/v2\/pages\/9049","targetHints":{"allow":["GET"]}}],"collection":[{"href":"https:\/\/canaves.com\/pt-pt\/wp-json\/wp\/v2\/pages"}],"about":[{"href":"https:\/\/canaves.com\/pt-pt\/wp-json\/wp\/v2\/types\/page"}],"author":[{"embeddable":true,"href":"https:\/\/canaves.com\/pt-pt\/wp-json\/wp\/v2\/users\/1"}],"replies":[{"embeddable":true,"href":"https:\/\/canaves.com\/pt-pt\/wp-json\/wp\/v2\/comments?post=9049"}],"version-history":[{"count":0,"href":"https:\/\/canaves.com\/pt-pt\/wp-json\/wp\/v2\/pages\/9049\/revisions"}],"up":[{"embeddable":true,"href":"https:\/\/canaves.com\/pt-pt\/wp-json\/wp\/v2\/pages\/9062"}],"wp:featuredmedia":[{"embeddable":true,"href":"https:\/\/canaves.com\/pt-pt\/wp-json\/wp\/v2\/media\/4622"}],"wp:attachment":[{"href":"https:\/\/canaves.com\/pt-pt\/wp-json\/wp\/v2\/media?parent=9049"}],"curies":[{"name":"wp","href":"https:\/\/api.w.org\/{rel}","templated":true}]}}