{"id":9053,"date":"2017-11-06T11:53:38","date_gmt":"2017-11-06T09:53:38","guid":{"rendered":"https:\/\/canaves.com\/weddings-oia-santorini-island\/"},"modified":"2026-03-24T12:36:03","modified_gmt":"2026-03-24T10:36:03","slug":"weddings-oia-santorini-island","status":"publish","type":"page","link":"https:\/\/canaves.com\/pt-pt\/canaves-oia-epitome\/weddings-oia-santorini-island\/","title":{"rendered":"Casamentos e Eventos"},"content":{"rendered":"<p>A brisa fresca do Mar Egeu, os pores do sol deslumbrantes e as vistas fascinantes do Egeu e da caldeira criam o cen\u00e1rio mais rom\u00e2ntico para dizer o t\u00e3o esperado \u201csim\u201d. Deixa que o teu sonho de um casamento de contos de fadas se torne realidade no cen\u00e1rio dram\u00e1tico e inspirador de Santorini e na eleg\u00e2ncia luxuosa de um dos melhores hot\u00e9is de Santorini, o Canaves Epitome. <\/p>\n","protected":false},"excerpt":{"rendered":"<p>A brisa fresca do Mar Egeu, os pores do sol deslumbrantes e as vistas fascinantes do Egeu e da caldeira criam o cen\u00e1rio mais rom\u00e2ntico para dizer o t\u00e3o esperado \u201csim\u201d. Deixa que o teu sonho de um casamento de&hellip;<\/p>\n","protected":false},"author":1,"featured_media":4622,"parent":9062,"menu_order":0,"comment_status":"closed","ping_status":"closed","template":"canepitome\/weddings.php","meta":{"_acf_changed":false,"footnotes":""},"class_list":["post-9053","page","type-page","status-publish","has-post-thumbnail","hentry","property-epitome-overlay","entry","has-media"],"acf":[],"aioseo_notices":[],"_links":{"self":[{"href":"https:\/\/canaves.com\/pt-pt\/wp-json\/wp\/v2\/pages\/9053","targetHints":{"allow":["GET"]}}],"collection":[{"href":"https:\/\/canaves.com\/pt-pt\/wp-json\/wp\/v2\/pages"}],"about":[{"href":"https:\/\/canaves.com\/pt-pt\/wp-json\/wp\/v2\/types\/page"}],"author":[{"embeddable":true,"href":"https:\/\/canaves.com\/pt-pt\/wp-json\/wp\/v2\/users\/1"}],"replies":[{"embeddable":true,"href":"https:\/\/canaves.com\/pt-pt\/wp-json\/wp\/v2\/comments?post=9053"}],"version-history":[{"count":0,"href":"https:\/\/canaves.com\/pt-pt\/wp-json\/wp\/v2\/pages\/9053\/revisions"}],"up":[{"embeddable":true,"href":"https:\/\/canaves.com\/pt-pt\/wp-json\/wp\/v2\/pages\/9062"}],"wp:featuredmedia":[{"embeddable":true,"href":"https:\/\/canaves.com\/pt-pt\/wp-json\/wp\/v2\/media\/4622"}],"wp:attachment":[{"href":"https:\/\/canaves.com\/pt-pt\/wp-json\/wp\/v2\/media?parent=9053"}],"curies":[{"name":"wp","href":"https:\/\/api.w.org\/{rel}","templated":true}]}}