{"id":9055,"date":"2017-10-30T21:16:24","date_gmt":"2017-10-30T19:16:24","guid":{"rendered":"https:\/\/canaves.com\/about\/"},"modified":"2026-03-24T12:26:07","modified_gmt":"2026-03-24T10:26:07","slug":"about","status":"publish","type":"page","link":"https:\/\/canaves.com\/pt-pt\/canaves-oia-epitome\/about\/","title":{"rendered":"Sobre"},"content":{"rendered":"<p>Bem-vindo ao Canaves Epitome, um luxuoso e sereno hotel de retiro com 53 suites e villas que oferece a experi\u00eancia de p\u00f4r do sol mais \u00fanica em Oia, Santorini. Constru\u00eddo em 2018, o hotel est\u00e1 situado mesmo fora da vibrante cidade de Oia. Esta propriedade exclusiva \u00e9 perfeita tanto para casais como para fam\u00edlias, combinando m\u00e1xima privacidade, espa\u00e7o e alojamento e servi\u00e7os de luxo de primeira linha. Oferecendo vistas do p\u00f4r do sol e piscinas em todas as suites, a maior piscina no terra\u00e7o de Santorini (800 m\u00b2) e uma experi\u00eancia gastron\u00f3mica premiada no Elements Restaurant, o Canaves Epitome \u00e9 uma escolha ideal para quem procura tranquilidade com a conveni\u00eancia de estar a apenas 2 minutos de transfer gratuito das famosas atra\u00e7\u00f5es de Oia.  <\/p>\n","protected":false},"excerpt":{"rendered":"<p>Bem-vindo ao Canaves Epitome, um luxuoso e sereno hotel de retiro com 53 suites e villas que oferece a experi\u00eancia de p\u00f4r do sol mais \u00fanica em Oia, Santorini. Constru\u00eddo em 2018, o hotel est\u00e1 situado mesmo fora da vibrante&hellip;<\/p>\n","protected":false},"author":1,"featured_media":4622,"parent":9062,"menu_order":0,"comment_status":"closed","ping_status":"closed","template":"canepitome\/about.php","meta":{"_acf_changed":false,"footnotes":""},"class_list":["post-9055","page","type-page","status-publish","has-post-thumbnail","hentry","property-epitome-overlay","entry","has-media"],"acf":[],"aioseo_notices":[],"_links":{"self":[{"href":"https:\/\/canaves.com\/pt-pt\/wp-json\/wp\/v2\/pages\/9055","targetHints":{"allow":["GET"]}}],"collection":[{"href":"https:\/\/canaves.com\/pt-pt\/wp-json\/wp\/v2\/pages"}],"about":[{"href":"https:\/\/canaves.com\/pt-pt\/wp-json\/wp\/v2\/types\/page"}],"author":[{"embeddable":true,"href":"https:\/\/canaves.com\/pt-pt\/wp-json\/wp\/v2\/users\/1"}],"replies":[{"embeddable":true,"href":"https:\/\/canaves.com\/pt-pt\/wp-json\/wp\/v2\/comments?post=9055"}],"version-history":[{"count":0,"href":"https:\/\/canaves.com\/pt-pt\/wp-json\/wp\/v2\/pages\/9055\/revisions"}],"up":[{"embeddable":true,"href":"https:\/\/canaves.com\/pt-pt\/wp-json\/wp\/v2\/pages\/9062"}],"wp:featuredmedia":[{"embeddable":true,"href":"https:\/\/canaves.com\/pt-pt\/wp-json\/wp\/v2\/media\/4622"}],"wp:attachment":[{"href":"https:\/\/canaves.com\/pt-pt\/wp-json\/wp\/v2\/media?parent=9055"}],"curies":[{"name":"wp","href":"https:\/\/api.w.org\/{rel}","templated":true}]}}