{"id":9057,"date":"2017-10-30T21:12:33","date_gmt":"2017-10-30T19:12:33","guid":{"rendered":"https:\/\/canaves.com\/about-2\/"},"modified":"2026-03-24T12:24:07","modified_gmt":"2026-03-24T10:24:07","slug":"about","status":"publish","type":"page","link":"https:\/\/canaves.com\/pt-pt\/canaves-sunday\/about\/","title":{"rendered":"Sobre"},"content":{"rendered":"<p>Bem-vindo ao Canaves Sunday, um requintado hotel boutique de luxo localizado no cora\u00e7\u00e3o da encantadora Oia. Com acesso incompar\u00e1vel \u00e0 atmosfera vibrante da ilha, o Canaves Sunday \u00e9 o destino ideal para viajantes que procuram aventura e tranquilidade. Com apenas oito suites exclusivas, esta propriedade intimista proporciona aos h\u00f3spedes uma experi\u00eancia \u00fanica, como se estivessem a ficar na casa luxuosa de um amigo grego.  <\/p>\n","protected":false},"excerpt":{"rendered":"<p>Bem-vindo ao Canaves Sunday, um requintado hotel boutique de luxo localizado no cora\u00e7\u00e3o da encantadora Oia. Com acesso incompar\u00e1vel \u00e0 atmosfera vibrante da ilha, o Canaves Sunday \u00e9 o destino ideal para viajantes que procuram aventura e tranquilidade. Com apenas&hellip;<\/p>\n","protected":false},"author":1,"featured_media":4622,"parent":9086,"menu_order":0,"comment_status":"closed","ping_status":"closed","template":"cansunday\/about.php","meta":{"_acf_changed":false,"footnotes":""},"class_list":["post-9057","page","type-page","status-publish","has-post-thumbnail","hentry","property-sunday-suites-overlay","entry","has-media"],"acf":[],"aioseo_notices":[],"_links":{"self":[{"href":"https:\/\/canaves.com\/pt-pt\/wp-json\/wp\/v2\/pages\/9057","targetHints":{"allow":["GET"]}}],"collection":[{"href":"https:\/\/canaves.com\/pt-pt\/wp-json\/wp\/v2\/pages"}],"about":[{"href":"https:\/\/canaves.com\/pt-pt\/wp-json\/wp\/v2\/types\/page"}],"author":[{"embeddable":true,"href":"https:\/\/canaves.com\/pt-pt\/wp-json\/wp\/v2\/users\/1"}],"replies":[{"embeddable":true,"href":"https:\/\/canaves.com\/pt-pt\/wp-json\/wp\/v2\/comments?post=9057"}],"version-history":[{"count":0,"href":"https:\/\/canaves.com\/pt-pt\/wp-json\/wp\/v2\/pages\/9057\/revisions"}],"up":[{"embeddable":true,"href":"https:\/\/canaves.com\/pt-pt\/wp-json\/wp\/v2\/pages\/9086"}],"wp:featuredmedia":[{"embeddable":true,"href":"https:\/\/canaves.com\/pt-pt\/wp-json\/wp\/v2\/media\/4622"}],"wp:attachment":[{"href":"https:\/\/canaves.com\/pt-pt\/wp-json\/wp\/v2\/media?parent=9057"}],"curies":[{"name":"wp","href":"https:\/\/api.w.org\/{rel}","templated":true}]}}