{"id":9059,"date":"2017-10-30T21:07:51","date_gmt":"2017-10-30T19:07:51","guid":{"rendered":"https:\/\/canaves.com\/about-2\/"},"modified":"2026-03-24T12:23:57","modified_gmt":"2026-03-24T10:23:57","slug":"about","status":"publish","type":"page","link":"https:\/\/canaves.com\/pt-pt\/canaves-oia-hotel-ena\/about\/","title":{"rendered":"Sobre"},"content":{"rendered":"<p>Bem-vindo ao Canaves Ena, um deslumbrante boutique hotel de luxo com 18 su\u00edtes que capta a ess\u00eancia da rica hist\u00f3ria e da eleg\u00e2ncia moderna de Santorini. Recentemente renovada em 2024, esta propriedade \u00e9 a primeira da Canaves Collection e inspira-se nas \u201ccanaves\u201d originais do s\u00e9culo XVII, que eram tradicionalmente utilizadas pelos santorinenses para armazenar o seu vinho. Situado no ponto mais alto de Oia, o Canaves Ena oferece aos h\u00f3spedes vistas de cortar a respira\u00e7\u00e3o, poucos degraus e a m\u00e1xima privacidade, tornando-o o destino perfeito para casais que procuram uma escapadinha rom\u00e2ntica, seja para uma lua de mel ou para a celebra\u00e7\u00e3o de um anivers\u00e1rio.  <\/p>\n","protected":false},"excerpt":{"rendered":"<p>Bem-vindo ao Canaves Ena, um deslumbrante boutique hotel de luxo com 18 su\u00edtes que capta a ess\u00eancia da rica hist\u00f3ria e da eleg\u00e2ncia moderna de Santorini. Recentemente renovada em 2024, esta propriedade \u00e9 a primeira da Canaves Collection e inspira-se&hellip;<\/p>\n","protected":false},"author":1,"featured_media":4622,"parent":9135,"menu_order":0,"comment_status":"closed","ping_status":"closed","template":"canena\/about.php","meta":{"_acf_changed":false,"footnotes":""},"class_list":["post-9059","page","type-page","status-publish","has-post-thumbnail","hentry","property-ena-overlay","entry","has-media"],"acf":[],"aioseo_notices":[],"_links":{"self":[{"href":"https:\/\/canaves.com\/pt-pt\/wp-json\/wp\/v2\/pages\/9059","targetHints":{"allow":["GET"]}}],"collection":[{"href":"https:\/\/canaves.com\/pt-pt\/wp-json\/wp\/v2\/pages"}],"about":[{"href":"https:\/\/canaves.com\/pt-pt\/wp-json\/wp\/v2\/types\/page"}],"author":[{"embeddable":true,"href":"https:\/\/canaves.com\/pt-pt\/wp-json\/wp\/v2\/users\/1"}],"replies":[{"embeddable":true,"href":"https:\/\/canaves.com\/pt-pt\/wp-json\/wp\/v2\/comments?post=9059"}],"version-history":[{"count":0,"href":"https:\/\/canaves.com\/pt-pt\/wp-json\/wp\/v2\/pages\/9059\/revisions"}],"up":[{"embeddable":true,"href":"https:\/\/canaves.com\/pt-pt\/wp-json\/wp\/v2\/pages\/9135"}],"wp:featuredmedia":[{"embeddable":true,"href":"https:\/\/canaves.com\/pt-pt\/wp-json\/wp\/v2\/media\/4622"}],"wp:attachment":[{"href":"https:\/\/canaves.com\/pt-pt\/wp-json\/wp\/v2\/media?parent=9059"}],"curies":[{"name":"wp","href":"https:\/\/api.w.org\/{rel}","templated":true}]}}