{"id":9062,"date":"2017-10-16T19:00:19","date_gmt":"2017-10-16T17:00:19","guid":{"rendered":"https:\/\/canaves.com\/canaves-oia-epitome\/"},"modified":"2026-03-24T12:24:06","modified_gmt":"2026-03-24T10:24:06","slug":"canaves-oia-epitome","status":"publish","type":"page","link":"https:\/\/canaves.com\/pt-pt\/canaves-oia-epitome\/","title":{"rendered":"Canaves Epitome"},"content":{"rendered":"<p><span style=\"font-weight: 400;\">Constru\u00eddo a partir da rocha vulc\u00e2nica de Santorini, bem-vindo a um exuberante ref\u00fagio de calma, onde a arquitetura tradicional das C\u00edclades se combina com materiais naturais e uma est\u00e9tica intemporal. Perfeito para escapadelas rom\u00e2nticas, estadias em fam\u00edlia e at\u00e9 grupos \u00e0 procura de uma experi\u00eancia \u00fanica, este <\/span>resort de luxo em Santorini<b>,<\/b><span style=\"font-weight: 400;\"> situado acima da pitoresca vila piscat\u00f3ria de Ammoudi, \u00e9 a \u00fanica propriedade na ilha que oferece vistas tanto para o mar como para o p\u00f4r do sol a partir de todos os quartos. Um mundo de pura indulg\u00eancia e serenidade.<\/span><\/p>\n","protected":false},"excerpt":{"rendered":"<p>Constru\u00eddo a partir da rocha vulc\u00e2nica de Santorini, bem-vindo a um exuberante ref\u00fagio de calma, onde a arquitetura tradicional das C\u00edclades se combina com materiais naturais e uma est\u00e9tica intemporal. Perfeito para escapadelas rom\u00e2nticas, estadias em fam\u00edlia e at\u00e9 grupos&hellip;<\/p>\n","protected":false},"author":1,"featured_media":4622,"parent":0,"menu_order":0,"comment_status":"closed","ping_status":"closed","template":"canepitome\/home.php","meta":{"_acf_changed":false,"footnotes":""},"class_list":["post-9062","page","type-page","status-publish","has-post-thumbnail","hentry","property-epitome-overlay","entry","has-media"],"acf":[],"aioseo_notices":[],"_links":{"self":[{"href":"https:\/\/canaves.com\/pt-pt\/wp-json\/wp\/v2\/pages\/9062","targetHints":{"allow":["GET"]}}],"collection":[{"href":"https:\/\/canaves.com\/pt-pt\/wp-json\/wp\/v2\/pages"}],"about":[{"href":"https:\/\/canaves.com\/pt-pt\/wp-json\/wp\/v2\/types\/page"}],"author":[{"embeddable":true,"href":"https:\/\/canaves.com\/pt-pt\/wp-json\/wp\/v2\/users\/1"}],"replies":[{"embeddable":true,"href":"https:\/\/canaves.com\/pt-pt\/wp-json\/wp\/v2\/comments?post=9062"}],"version-history":[{"count":0,"href":"https:\/\/canaves.com\/pt-pt\/wp-json\/wp\/v2\/pages\/9062\/revisions"}],"wp:featuredmedia":[{"embeddable":true,"href":"https:\/\/canaves.com\/pt-pt\/wp-json\/wp\/v2\/media\/4622"}],"wp:attachment":[{"href":"https:\/\/canaves.com\/pt-pt\/wp-json\/wp\/v2\/media?parent=9062"}],"curies":[{"name":"wp","href":"https:\/\/api.w.org\/{rel}","templated":true}]}}