{"id":9064,"date":"2017-10-04T12:48:39","date_gmt":"2017-10-04T10:48:39","guid":{"rendered":"https:\/\/canaves.com\/our-story\/"},"modified":"2026-03-24T12:26:57","modified_gmt":"2026-03-24T10:26:57","slug":"our-story","status":"publish","type":"page","link":"https:\/\/canaves.com\/pt-pt\/our-story\/","title":{"rendered":"A Nossa Hist\u00f3ria"},"content":{"rendered":"<p>No in\u00edcio dos anos 80, a fam\u00edlia Chaidemenos embarcou num empreendimento pioneiro que mudaria para sempre a paisagem de Oia, Santorini. Entre as primeiras fam\u00edlias a introduzir o turismo na tranquila aldeia piscat\u00f3ria, Yiannis e Anna Chaidemenos transformaram um conjunto de grutas do s\u00e9culo XVII, usadas principalmente para armazenar vinho, em alojamentos vanguardistas, que evolu\u00edram para se tornarem alguns dos melhores hot\u00e9is onde ficar em Santorini. <\/p>\n<p>Come\u00e7ando com apenas duas grutas, a fam\u00edlia Chaidemenos cultivou a sua vis\u00e3o ao longo de quatro d\u00e9cadas. Hoje, o legado de Yiannis e Anna Chaidemenos foi transmitido \u00e0 pr\u00f3xima gera\u00e7\u00e3o, preservando a Canaves Collection como um neg\u00f3cio familiar. Continua a prosperar, incorporando luxo, sofistica\u00e7\u00e3o e o fasc\u00ednio \u00fanico de Santorini.  <\/p>\n","protected":false},"excerpt":{"rendered":"<p>No in\u00edcio dos anos 80, a fam\u00edlia Chaidemenos embarcou num empreendimento pioneiro que mudaria para sempre a paisagem de Oia, Santorini. Entre as primeiras fam\u00edlias a introduzir o turismo na tranquila aldeia piscat\u00f3ria, Yiannis e Anna Chaidemenos transformaram um conjunto&hellip;<\/p>\n","protected":false},"author":1,"featured_media":9066,"parent":0,"menu_order":0,"comment_status":"closed","ping_status":"closed","template":"canportal\/about.php","meta":{"_acf_changed":false,"footnotes":""},"class_list":["post-9064","page","type-page","status-publish","has-post-thumbnail","hentry","property-portal-overlay","entry","has-media"],"acf":[],"aioseo_notices":[],"_links":{"self":[{"href":"https:\/\/canaves.com\/pt-pt\/wp-json\/wp\/v2\/pages\/9064","targetHints":{"allow":["GET"]}}],"collection":[{"href":"https:\/\/canaves.com\/pt-pt\/wp-json\/wp\/v2\/pages"}],"about":[{"href":"https:\/\/canaves.com\/pt-pt\/wp-json\/wp\/v2\/types\/page"}],"author":[{"embeddable":true,"href":"https:\/\/canaves.com\/pt-pt\/wp-json\/wp\/v2\/users\/1"}],"replies":[{"embeddable":true,"href":"https:\/\/canaves.com\/pt-pt\/wp-json\/wp\/v2\/comments?post=9064"}],"version-history":[{"count":0,"href":"https:\/\/canaves.com\/pt-pt\/wp-json\/wp\/v2\/pages\/9064\/revisions"}],"wp:featuredmedia":[{"embeddable":true,"href":"https:\/\/canaves.com\/pt-pt\/wp-json\/wp\/v2\/media\/9066"}],"wp:attachment":[{"href":"https:\/\/canaves.com\/pt-pt\/wp-json\/wp\/v2\/media?parent=9064"}],"curies":[{"name":"wp","href":"https:\/\/api.w.org\/{rel}","templated":true}]}}