{"id":9070,"date":"2017-10-02T14:07:21","date_gmt":"2017-10-02T12:07:21","guid":{"rendered":"https:\/\/canaves.com\/hotels\/"},"modified":"2026-03-24T12:32:23","modified_gmt":"2026-03-24T10:32:23","slug":"hotels","status":"publish","type":"page","link":"https:\/\/canaves.com\/pt-pt\/hotels\/","title":{"rendered":"Hot\u00e9is"},"content":{"rendered":"<p>Um ref\u00fagio de indulg\u00eancia contra o cen\u00e1rio deslumbrante dos mares azul-celeste e dos pores do sol dourados de Santorini. A Canaves Collection convida-te para um mundo de eleg\u00e2ncia e serenidade incompar\u00e1veis. Impregnados da hist\u00f3ria da ilha, estes alojamentos singulares combinam suites e vilas luxuosas, piscinas infinitas requintadas e um servi\u00e7o personalizado que define a arte da hospitalidade. A Canaves Collection tem quatro propriedades, cada uma com o seu design e car\u00e1cter \u00fanicos que atendem a gostos e prefer\u00eancias espec\u00edficos.   <\/p>\n","protected":false},"excerpt":{"rendered":"<p>Um ref\u00fagio de indulg\u00eancia contra o cen\u00e1rio deslumbrante dos mares azul-celeste e dos pores do sol dourados de Santorini. A Canaves Collection convida-te para um mundo de eleg\u00e2ncia e serenidade incompar\u00e1veis. Impregnados da hist\u00f3ria da ilha, estes alojamentos singulares combinam&hellip;<\/p>\n","protected":false},"author":1,"featured_media":4622,"parent":0,"menu_order":0,"comment_status":"closed","ping_status":"closed","template":"canportal\/hotels.php","meta":{"_acf_changed":false,"footnotes":""},"class_list":["post-9070","page","type-page","status-publish","has-post-thumbnail","hentry","property-portal-overlay","entry","has-media"],"acf":[],"aioseo_notices":[],"_links":{"self":[{"href":"https:\/\/canaves.com\/pt-pt\/wp-json\/wp\/v2\/pages\/9070","targetHints":{"allow":["GET"]}}],"collection":[{"href":"https:\/\/canaves.com\/pt-pt\/wp-json\/wp\/v2\/pages"}],"about":[{"href":"https:\/\/canaves.com\/pt-pt\/wp-json\/wp\/v2\/types\/page"}],"author":[{"embeddable":true,"href":"https:\/\/canaves.com\/pt-pt\/wp-json\/wp\/v2\/users\/1"}],"replies":[{"embeddable":true,"href":"https:\/\/canaves.com\/pt-pt\/wp-json\/wp\/v2\/comments?post=9070"}],"version-history":[{"count":0,"href":"https:\/\/canaves.com\/pt-pt\/wp-json\/wp\/v2\/pages\/9070\/revisions"}],"wp:featuredmedia":[{"embeddable":true,"href":"https:\/\/canaves.com\/pt-pt\/wp-json\/wp\/v2\/media\/4622"}],"wp:attachment":[{"href":"https:\/\/canaves.com\/pt-pt\/wp-json\/wp\/v2\/media?parent=9070"}],"curies":[{"name":"wp","href":"https:\/\/api.w.org\/{rel}","templated":true}]}}