{"id":9072,"date":"2017-02-09T11:54:57","date_gmt":"2017-02-09T09:54:57","guid":{"rendered":"https:\/\/canaves.com\/dining-2\/"},"modified":"2026-03-24T12:26:06","modified_gmt":"2026-03-24T10:26:06","slug":"dining","status":"publish","type":"page","link":"https:\/\/canaves.com\/pt-pt\/canaves-sunday\/dining\/","title":{"rendered":"Gastronomia"},"content":{"rendered":"<p>Desde a gastronomia requintada no bar Sunset, com uma sele\u00e7\u00e3o de sushi artesanal, at\u00e9 \u00e0 tentadora op\u00e7\u00e3o de refei\u00e7\u00f5es no quarto, na privacidade iluminada pelas estrelas da tua varanda, o Canaves Sunday oferece uma combina\u00e7\u00e3o irresist\u00edvel de sabores \u00e0 altura da delicadeza do que te rodeia.<\/p>\n","protected":false},"excerpt":{"rendered":"<p>Desde a gastronomia requintada no bar Sunset, com uma sele\u00e7\u00e3o de sushi artesanal, at\u00e9 \u00e0 tentadora op\u00e7\u00e3o de refei\u00e7\u00f5es no quarto, na privacidade iluminada pelas estrelas da tua varanda, o Canaves Sunday oferece uma combina\u00e7\u00e3o irresist\u00edvel de sabores \u00e0 altura&hellip;<\/p>\n","protected":false},"author":1,"featured_media":9074,"parent":9086,"menu_order":0,"comment_status":"closed","ping_status":"closed","template":"cansunday\/dining.php","meta":{"_acf_changed":false,"footnotes":""},"class_list":["post-9072","page","type-page","status-publish","has-post-thumbnail","hentry","property-sunday-suites-overlay","entry","has-media"],"acf":[],"aioseo_notices":[],"_links":{"self":[{"href":"https:\/\/canaves.com\/pt-pt\/wp-json\/wp\/v2\/pages\/9072","targetHints":{"allow":["GET"]}}],"collection":[{"href":"https:\/\/canaves.com\/pt-pt\/wp-json\/wp\/v2\/pages"}],"about":[{"href":"https:\/\/canaves.com\/pt-pt\/wp-json\/wp\/v2\/types\/page"}],"author":[{"embeddable":true,"href":"https:\/\/canaves.com\/pt-pt\/wp-json\/wp\/v2\/users\/1"}],"replies":[{"embeddable":true,"href":"https:\/\/canaves.com\/pt-pt\/wp-json\/wp\/v2\/comments?post=9072"}],"version-history":[{"count":0,"href":"https:\/\/canaves.com\/pt-pt\/wp-json\/wp\/v2\/pages\/9072\/revisions"}],"up":[{"embeddable":true,"href":"https:\/\/canaves.com\/pt-pt\/wp-json\/wp\/v2\/pages\/9086"}],"wp:featuredmedia":[{"embeddable":true,"href":"https:\/\/canaves.com\/pt-pt\/wp-json\/wp\/v2\/media\/9074"}],"wp:attachment":[{"href":"https:\/\/canaves.com\/pt-pt\/wp-json\/wp\/v2\/media?parent=9072"}],"curies":[{"name":"wp","href":"https:\/\/api.w.org\/{rel}","templated":true}]}}