{"id":9080,"date":"2017-02-06T11:49:30","date_gmt":"2017-02-06T09:49:30","guid":{"rendered":"https:\/\/canaves.com\/weddings-oia-santorini-island\/"},"modified":"2026-03-24T12:26:55","modified_gmt":"2026-03-24T10:26:55","slug":"weddings-oia-santorini-island","status":"publish","type":"page","link":"https:\/\/canaves.com\/pt-pt\/canaves-sunday\/weddings-oia-santorini-island\/","title":{"rendered":"Casamentos"},"content":{"rendered":"<p>A brisa fresca do Mar Egeu, o cen\u00e1rio deslumbrante do p\u00f4r do sol sobre a Caldeira e o ambiente id\u00edlico do nosso hotel boutique em Santorini criam o cen\u00e1rio mais rom\u00e2ntico para dizer aquelas palavras especiais\u2026 &#8220;Sim, aceito&#8221;. Transforma o teu casamento de conto de fadas em realidade neste para\u00edso de ilha grega, um dos melhores hot\u00e9is da Gr\u00e9cia, e marca o in\u00edcio de uma vida a dois com uma rece\u00e7\u00e3o de casamento majestosa para recordar para sempre. <\/p>\n","protected":false},"excerpt":{"rendered":"<p>A brisa fresca do Mar Egeu, o cen\u00e1rio deslumbrante do p\u00f4r do sol sobre a Caldeira e o ambiente id\u00edlico do nosso hotel boutique em Santorini criam o cen\u00e1rio mais rom\u00e2ntico para dizer aquelas palavras especiais\u2026 &#8220;Sim, aceito&#8221;. Transforma o&hellip;<\/p>\n","protected":false},"author":1,"featured_media":4622,"parent":9086,"menu_order":0,"comment_status":"closed","ping_status":"closed","template":"cansunday\/weddings.php","meta":{"_acf_changed":false,"footnotes":""},"class_list":["post-9080","page","type-page","status-publish","has-post-thumbnail","hentry","property-sunday-suites-overlay","entry","has-media"],"acf":[],"aioseo_notices":[],"_links":{"self":[{"href":"https:\/\/canaves.com\/pt-pt\/wp-json\/wp\/v2\/pages\/9080","targetHints":{"allow":["GET"]}}],"collection":[{"href":"https:\/\/canaves.com\/pt-pt\/wp-json\/wp\/v2\/pages"}],"about":[{"href":"https:\/\/canaves.com\/pt-pt\/wp-json\/wp\/v2\/types\/page"}],"author":[{"embeddable":true,"href":"https:\/\/canaves.com\/pt-pt\/wp-json\/wp\/v2\/users\/1"}],"replies":[{"embeddable":true,"href":"https:\/\/canaves.com\/pt-pt\/wp-json\/wp\/v2\/comments?post=9080"}],"version-history":[{"count":0,"href":"https:\/\/canaves.com\/pt-pt\/wp-json\/wp\/v2\/pages\/9080\/revisions"}],"up":[{"embeddable":true,"href":"https:\/\/canaves.com\/pt-pt\/wp-json\/wp\/v2\/pages\/9086"}],"wp:featuredmedia":[{"embeddable":true,"href":"https:\/\/canaves.com\/pt-pt\/wp-json\/wp\/v2\/media\/4622"}],"wp:attachment":[{"href":"https:\/\/canaves.com\/pt-pt\/wp-json\/wp\/v2\/media?parent=9080"}],"curies":[{"name":"wp","href":"https:\/\/api.w.org\/{rel}","templated":true}]}}