{"id":9084,"date":"2017-02-06T11:31:09","date_gmt":"2017-02-06T09:31:09","guid":{"rendered":"https:\/\/canaves.com\/accommodations\/"},"modified":"2026-03-24T12:35:30","modified_gmt":"2026-03-24T10:35:30","slug":"accommodations","status":"publish","type":"page","link":"https:\/\/canaves.com\/pt-pt\/canaves-sunday\/accommodations\/","title":{"rendered":"Alojamentos"},"content":{"rendered":"<p><span style=\"font-weight: 400;\">Escolhe entre uma sele\u00e7\u00e3o requintada de espa\u00e7osas <\/span>suites de luxo em Santorini<span style=\"font-weight: 400;\">, com interiores frescos em branco-giz, varandas banhadas pelo sol e vistas deslumbrantes em azul-marinho do Mar Egeu no horizonte. Viajas com amigos e fam\u00edlia? Aluga toda a propriedade como uma luxuosa villa com 10 quartos para umas f\u00e9rias inesquec\u00edveis.<\/span><\/p>\n<p>&nbsp;<\/p>\n","protected":false},"excerpt":{"rendered":"<p>Escolhe entre uma sele\u00e7\u00e3o requintada de espa\u00e7osas suites de luxo em Santorini, com interiores frescos em branco-giz, varandas banhadas pelo sol e vistas deslumbrantes em azul-marinho do Mar Egeu no horizonte. Viajas com amigos e fam\u00edlia? Aluga toda a propriedade&hellip;<\/p>\n","protected":false},"author":1,"featured_media":4622,"parent":9086,"menu_order":0,"comment_status":"closed","ping_status":"closed","template":"cansunday\/rooms.php","meta":{"_acf_changed":false,"footnotes":""},"class_list":["post-9084","page","type-page","status-publish","has-post-thumbnail","hentry","property-sunday-suites","entry","has-media"],"acf":[],"aioseo_notices":[],"_links":{"self":[{"href":"https:\/\/canaves.com\/pt-pt\/wp-json\/wp\/v2\/pages\/9084","targetHints":{"allow":["GET"]}}],"collection":[{"href":"https:\/\/canaves.com\/pt-pt\/wp-json\/wp\/v2\/pages"}],"about":[{"href":"https:\/\/canaves.com\/pt-pt\/wp-json\/wp\/v2\/types\/page"}],"author":[{"embeddable":true,"href":"https:\/\/canaves.com\/pt-pt\/wp-json\/wp\/v2\/users\/1"}],"replies":[{"embeddable":true,"href":"https:\/\/canaves.com\/pt-pt\/wp-json\/wp\/v2\/comments?post=9084"}],"version-history":[{"count":0,"href":"https:\/\/canaves.com\/pt-pt\/wp-json\/wp\/v2\/pages\/9084\/revisions"}],"up":[{"embeddable":true,"href":"https:\/\/canaves.com\/pt-pt\/wp-json\/wp\/v2\/pages\/9086"}],"wp:featuredmedia":[{"embeddable":true,"href":"https:\/\/canaves.com\/pt-pt\/wp-json\/wp\/v2\/media\/4622"}],"wp:attachment":[{"href":"https:\/\/canaves.com\/pt-pt\/wp-json\/wp\/v2\/media?parent=9084"}],"curies":[{"name":"wp","href":"https:\/\/api.w.org\/{rel}","templated":true}]}}