{"id":9086,"date":"2017-02-06T11:13:50","date_gmt":"2017-02-06T09:13:50","guid":{"rendered":"https:\/\/canaves.com\/canaves-sunday\/"},"modified":"2026-03-24T12:35:40","modified_gmt":"2026-03-24T10:35:40","slug":"canaves-sunday","status":"publish","type":"page","link":"https:\/\/canaves.com\/pt-pt\/canaves-sunday\/","title":{"rendered":"Canaves Sunday"},"content":{"rendered":"<p>Bem-vindo ao Canaves Sunday, um requintado hotel boutique de luxo localizado no cora\u00e7\u00e3o da encantadora zona pedonal de Oia. Oferecendo um acesso sem paralelo \u00e0 atmosfera vibrante da ilha, o Canaves Sunday \u00e9 o destino ideal para viajantes que procuram tanto aventura como tranquilidade. Com apenas oito suites exclusivas, esta propriedade intimista proporciona aos h\u00f3spedes uma experi\u00eancia \u00fanica, semelhante a ficar na casa luxuosa de um amigo grego.  <\/p>\n","protected":false},"excerpt":{"rendered":"<p>Bem-vindo ao Canaves Sunday, um requintado hotel boutique de luxo localizado no cora\u00e7\u00e3o da encantadora zona pedonal de Oia. Oferecendo um acesso sem paralelo \u00e0 atmosfera vibrante da ilha, o Canaves Sunday \u00e9 o destino ideal para viajantes que procuram&hellip;<\/p>\n","protected":false},"author":1,"featured_media":9088,"parent":0,"menu_order":0,"comment_status":"closed","ping_status":"closed","template":"cansunday\/home.php","meta":{"_acf_changed":false,"footnotes":""},"class_list":["post-9086","page","type-page","status-publish","has-post-thumbnail","hentry","property-sunday-suites-overlay","entry","has-media"],"acf":[],"aioseo_notices":[],"_links":{"self":[{"href":"https:\/\/canaves.com\/pt-pt\/wp-json\/wp\/v2\/pages\/9086","targetHints":{"allow":["GET"]}}],"collection":[{"href":"https:\/\/canaves.com\/pt-pt\/wp-json\/wp\/v2\/pages"}],"about":[{"href":"https:\/\/canaves.com\/pt-pt\/wp-json\/wp\/v2\/types\/page"}],"author":[{"embeddable":true,"href":"https:\/\/canaves.com\/pt-pt\/wp-json\/wp\/v2\/users\/1"}],"replies":[{"embeddable":true,"href":"https:\/\/canaves.com\/pt-pt\/wp-json\/wp\/v2\/comments?post=9086"}],"version-history":[{"count":0,"href":"https:\/\/canaves.com\/pt-pt\/wp-json\/wp\/v2\/pages\/9086\/revisions"}],"wp:featuredmedia":[{"embeddable":true,"href":"https:\/\/canaves.com\/pt-pt\/wp-json\/wp\/v2\/media\/9088"}],"wp:attachment":[{"href":"https:\/\/canaves.com\/pt-pt\/wp-json\/wp\/v2\/media?parent=9086"}],"curies":[{"name":"wp","href":"https:\/\/api.w.org\/{rel}","templated":true}]}}