{"id":9090,"date":"2016-11-23T11:03:29","date_gmt":"2016-11-23T09:03:29","guid":{"rendered":"https:\/\/canaves.com\/spa-wellness-2\/"},"modified":"2026-03-24T12:36:30","modified_gmt":"2026-03-24T10:36:30","slug":"spa-wellness","status":"publish","type":"page","link":"https:\/\/canaves.com\/pt-pt\/canaves-oia-suites\/spa-wellness\/","title":{"rendered":"Spa"},"content":{"rendered":"<p><span style=\"font-weight: 400;\">Descobre um ref\u00fagio de puro relaxamento no spa exclusivo do Canaves Oia Suites. Presenteia-te com rituais de bem-estar hol\u00edsticos e tratamentos purificadores de sa\u00fade e bem-estar, cortesia da nossa equipa de especialistas. <\/span><\/p>\n","protected":false},"excerpt":{"rendered":"<p>Descobre um ref\u00fagio de puro relaxamento no spa exclusivo do Canaves Oia Suites. Presenteia-te com rituais de bem-estar hol\u00edsticos e tratamentos purificadores de sa\u00fade e bem-estar, cortesia da nossa equipa de especialistas.<\/p>\n","protected":false},"author":1,"featured_media":4622,"parent":9133,"menu_order":0,"comment_status":"closed","ping_status":"closed","template":"cansuites\/spa.php","meta":{"_acf_changed":false,"footnotes":""},"class_list":["post-9090","page","type-page","status-publish","has-post-thumbnail","hentry","property-suites-overlay","entry","has-media"],"acf":[],"aioseo_notices":[],"_links":{"self":[{"href":"https:\/\/canaves.com\/pt-pt\/wp-json\/wp\/v2\/pages\/9090","targetHints":{"allow":["GET"]}}],"collection":[{"href":"https:\/\/canaves.com\/pt-pt\/wp-json\/wp\/v2\/pages"}],"about":[{"href":"https:\/\/canaves.com\/pt-pt\/wp-json\/wp\/v2\/types\/page"}],"author":[{"embeddable":true,"href":"https:\/\/canaves.com\/pt-pt\/wp-json\/wp\/v2\/users\/1"}],"replies":[{"embeddable":true,"href":"https:\/\/canaves.com\/pt-pt\/wp-json\/wp\/v2\/comments?post=9090"}],"version-history":[{"count":0,"href":"https:\/\/canaves.com\/pt-pt\/wp-json\/wp\/v2\/pages\/9090\/revisions"}],"up":[{"embeddable":true,"href":"https:\/\/canaves.com\/pt-pt\/wp-json\/wp\/v2\/pages\/9133"}],"wp:featuredmedia":[{"embeddable":true,"href":"https:\/\/canaves.com\/pt-pt\/wp-json\/wp\/v2\/media\/4622"}],"wp:attachment":[{"href":"https:\/\/canaves.com\/pt-pt\/wp-json\/wp\/v2\/media?parent=9090"}],"curies":[{"name":"wp","href":"https:\/\/api.w.org\/{rel}","templated":true}]}}