{"id":9093,"date":"2016-11-04T11:36:40","date_gmt":"2016-11-04T09:36:40","guid":{"rendered":"https:\/\/canaves.com\/privacy-policy\/"},"modified":"2026-03-24T12:36:40","modified_gmt":"2026-03-24T10:36:40","slug":"privacy-policy","status":"publish","type":"page","link":"https:\/\/canaves.com\/pt-pt\/privacy-policy\/","title":{"rendered":"Pol\u00edtica de Privacidade"},"content":{"rendered":"<p>A tua privacidade \u00e9 importante para n\u00f3s. Valorizamos a tua confian\u00e7a e estamos empenhados em proteger e salvaguardar quaisquer informa\u00e7\u00f5es pessoais que nos forne\u00e7as. <\/p>\n<p>De um modo geral, podes visitar o site mantendo-te an\u00f3nimo e sem revelar quaisquer informa\u00e7\u00f5es pessoais.<\/p>\n<p>Os nossos sites registam automaticamente o teu endere\u00e7o IP e nome de dom\u00ednio, bem como informa\u00e7\u00f5es n\u00e3o pessoais, como o tipo de navegador que utilizas, para nos ajudar a administrar os sites e a compilar estat\u00edsticas, como o n\u00famero de visitantes.<\/p>\n<p>Os nossos sites utilizam cookies para te identificar ao longo de v\u00e1rias visitas ao site, por exemplo, para memorizar o teu pa\u00eds e disponibilizar conte\u00fado espec\u00edfico para esse pa\u00eds. Os cookies s\u00e3o opcionais e podes bloque\u00e1-los ou elimin\u00e1-los. No entanto, algumas partes dos nossos sites (por exemplo, p\u00e1ginas de chat) n\u00e3o funcionar\u00e3o sem cookies.  <\/p>\n<p>N\u00e3o \u00e9 poss\u00edvel que um cookie armazenado por n\u00f3s seja lido pelo site de qualquer outra empresa, nem que um cookie leia informa\u00e7\u00f5es do teu computador que ainda n\u00e3o nos tenhas fornecido.<\/p>\n<p>Iremos recolher as seguintes informa\u00e7\u00f5es pessoais:<\/p>\n<p>Determinadas informa\u00e7\u00f5es necess\u00e1rias para te registares no Site, incluindo nome e apelido, a tua morada e data de nascimento, juntamente com algumas informa\u00e7\u00f5es b\u00e1sicas de seguran\u00e7a; Detalhes de quaisquer reservas que fa\u00e7as atrav\u00e9s do Site (quer atrav\u00e9s de n\u00f3s, quer atrav\u00e9s de terceiros que utilizem o Site como plataforma de reservas);<\/p>\n","protected":false},"excerpt":{"rendered":"<p>A tua privacidade \u00e9 importante para n\u00f3s. Valorizamos a tua confian\u00e7a e estamos empenhados em proteger e salvaguardar quaisquer informa\u00e7\u00f5es pessoais que nos forne\u00e7as. De um modo geral, podes visitar o site mantendo-te an\u00f3nimo e sem revelar quaisquer informa\u00e7\u00f5es pessoais.&hellip;<\/p>\n","protected":false},"author":1,"featured_media":4622,"parent":0,"menu_order":0,"comment_status":"closed","ping_status":"closed","template":"kobo\/full.php","meta":{"_acf_changed":false,"footnotes":""},"class_list":["post-9093","page","type-page","status-publish","has-post-thumbnail","hentry","property-portal","entry","has-media"],"acf":[],"aioseo_notices":[],"_links":{"self":[{"href":"https:\/\/canaves.com\/pt-pt\/wp-json\/wp\/v2\/pages\/9093","targetHints":{"allow":["GET"]}}],"collection":[{"href":"https:\/\/canaves.com\/pt-pt\/wp-json\/wp\/v2\/pages"}],"about":[{"href":"https:\/\/canaves.com\/pt-pt\/wp-json\/wp\/v2\/types\/page"}],"author":[{"embeddable":true,"href":"https:\/\/canaves.com\/pt-pt\/wp-json\/wp\/v2\/users\/1"}],"replies":[{"embeddable":true,"href":"https:\/\/canaves.com\/pt-pt\/wp-json\/wp\/v2\/comments?post=9093"}],"version-history":[{"count":0,"href":"https:\/\/canaves.com\/pt-pt\/wp-json\/wp\/v2\/pages\/9093\/revisions"}],"wp:featuredmedia":[{"embeddable":true,"href":"https:\/\/canaves.com\/pt-pt\/wp-json\/wp\/v2\/media\/4622"}],"wp:attachment":[{"href":"https:\/\/canaves.com\/pt-pt\/wp-json\/wp\/v2\/media?parent=9093"}],"curies":[{"name":"wp","href":"https:\/\/api.w.org\/{rel}","templated":true}]}}