{"id":9094,"date":"2016-11-04T11:17:06","date_gmt":"2016-11-04T09:17:06","guid":{"rendered":"https:\/\/canaves.com\/terms-of-use\/"},"modified":"2026-03-24T12:35:55","modified_gmt":"2026-03-24T10:35:55","slug":"terms-of-use","status":"publish","type":"page","link":"https:\/\/canaves.com\/pt-pt\/terms-of-use\/","title":{"rendered":"Termos de Utiliza\u00e7\u00e3o"},"content":{"rendered":"<p>A Canaves Oia S.A. disponibiliza informa\u00e7\u00f5es e produtos neste site, sujeitos aos seguintes termos e condi\u00e7\u00f5es. Ao aceder a este site, concordas com estes termos e condi\u00e7\u00f5es. A Canaves Oia S.A. reserva-se o direito de alterar estes termos e condi\u00e7\u00f5es e os produtos, servi\u00e7os, pre\u00e7os e programas mencionados neste site a qualquer momento, ao seu exclusivo crit\u00e9rio, sem aviso pr\u00e9vio.  <\/p>\n<p><strong>Declara\u00e7\u00e3o de exonera\u00e7\u00e3o de responsabilidade<\/strong><\/p>\n<p>Os servi\u00e7os deste Site est\u00e3o dispon\u00edveis apenas para pessoas que possam celebrar contratos legalmente vinculativos ao abrigo da legisla\u00e7\u00e3o aplic\u00e1vel e, por isso, n\u00e3o est\u00e3o dispon\u00edveis para menores. Ao utilizares este Site, declaras que tens idade legal suficiente para utilizar este Site e para criar obriga\u00e7\u00f5es legais vinculativas relativamente a qualquer responsabilidade em que possas incorrer em resultado da utiliza\u00e7\u00e3o deste Site. Garantias tamb\u00e9m que est\u00e1s legalmente autorizado a efetuar reservas de viagem e\/ou compras para ti ou para outra pessoa em nome da qual estejas autorizado a atuar.  <\/p>\n<p>A Canaves Oia S.A. n\u00e3o tem qualquer influ\u00eancia sobre o design e os conte\u00fados de material de terceiros com liga\u00e7\u00e3o ou refer\u00eancia a partir dos seus sites. Por conseguinte, a Canaves Oia S.A. demarca-se expressamente desse tipo de material e rejeita qualquer responsabilidade por conte\u00fados disponibilizados por terceiros \u2014 salvo se tiver pleno conhecimento de conte\u00fados ilegais e puder impedir os visitantes dos seus sites de visualizarem essas p\u00e1ginas. <\/p>\n<p>Todos os materiais contidos no Site s\u00e3o propriedade protegida por direitos de autor da Canaves Oia S.A. ou das suas subsidi\u00e1rias. Nenhum material do Site ou de qualquer site na Internet detido, operado, licenciado ou controlado por n\u00f3s ou pelas nossas afiliadas pode ser copiado, reproduzido, republicado, carregado, publicado, transmitido ou distribu\u00eddo de qualquer forma. Para efeitos destes termos, \u00e9 proibida a utiliza\u00e7\u00e3o de qualquer desses materiais em qualquer outro site Web, Internet, intranet, extranet ou outro site ou ambiente inform\u00e1tico.  <\/p>\n","protected":false},"excerpt":{"rendered":"<p>A Canaves Oia S.A. disponibiliza informa\u00e7\u00f5es e produtos neste site, sujeitos aos seguintes termos e condi\u00e7\u00f5es. Ao aceder a este site, concordas com estes termos e condi\u00e7\u00f5es. A Canaves Oia S.A. reserva-se o direito de alterar estes termos e condi\u00e7\u00f5es&hellip;<\/p>\n","protected":false},"author":1,"featured_media":4622,"parent":0,"menu_order":0,"comment_status":"closed","ping_status":"closed","template":"kobo\/full.php","meta":{"_acf_changed":false,"footnotes":""},"class_list":["post-9094","page","type-page","status-publish","has-post-thumbnail","hentry","property-portal","entry","has-media"],"acf":[],"aioseo_notices":[],"_links":{"self":[{"href":"https:\/\/canaves.com\/pt-pt\/wp-json\/wp\/v2\/pages\/9094","targetHints":{"allow":["GET"]}}],"collection":[{"href":"https:\/\/canaves.com\/pt-pt\/wp-json\/wp\/v2\/pages"}],"about":[{"href":"https:\/\/canaves.com\/pt-pt\/wp-json\/wp\/v2\/types\/page"}],"author":[{"embeddable":true,"href":"https:\/\/canaves.com\/pt-pt\/wp-json\/wp\/v2\/users\/1"}],"replies":[{"embeddable":true,"href":"https:\/\/canaves.com\/pt-pt\/wp-json\/wp\/v2\/comments?post=9094"}],"version-history":[{"count":0,"href":"https:\/\/canaves.com\/pt-pt\/wp-json\/wp\/v2\/pages\/9094\/revisions"}],"wp:featuredmedia":[{"embeddable":true,"href":"https:\/\/canaves.com\/pt-pt\/wp-json\/wp\/v2\/media\/4622"}],"wp:attachment":[{"href":"https:\/\/canaves.com\/pt-pt\/wp-json\/wp\/v2\/media?parent=9094"}],"curies":[{"name":"wp","href":"https:\/\/api.w.org\/{rel}","templated":true}]}}