{"id":9096,"date":"2016-11-03T20:47:50","date_gmt":"2016-11-03T18:47:50","guid":{"rendered":"https:\/\/canaves.com\/weddings-oia-santorini-island\/"},"modified":"2026-03-24T12:36:48","modified_gmt":"2026-03-24T10:36:48","slug":"weddings-oia-santorini-island","status":"publish","type":"page","link":"https:\/\/canaves.com\/pt-pt\/weddings-oia-santorini-island\/","title":{"rendered":"Eventos e Casamentos"},"content":{"rendered":"<p>Cada casal \u00e9 \u00fanico. \u00c9 por isso que adotamos uma abordagem personalizada para o teu casamento, utilizando os nossos m\u00faltiplos locais de \u00faltima gera\u00e7\u00e3o, wedding planners experientes e fornecedores cuidadosamente selecionados. Vem celebrar connosco, com o infinito Mar Egeu como cen\u00e1rio perfeito para o teu dia especial.  <\/p>\n","protected":false},"excerpt":{"rendered":"<p>Cada casal \u00e9 \u00fanico. \u00c9 por isso que adotamos uma abordagem personalizada para o teu casamento, utilizando os nossos m\u00faltiplos locais de \u00faltima gera\u00e7\u00e3o, wedding planners experientes e fornecedores cuidadosamente selecionados. Vem celebrar connosco, com o infinito Mar Egeu como&hellip;<\/p>\n","protected":false},"author":1,"featured_media":9097,"parent":0,"menu_order":0,"comment_status":"closed","ping_status":"closed","template":"canportal\/weddings.php","meta":{"_acf_changed":false,"footnotes":""},"class_list":["post-9096","page","type-page","status-publish","has-post-thumbnail","hentry","property-portal-overlay","entry","has-media"],"acf":[],"aioseo_notices":[],"_links":{"self":[{"href":"https:\/\/canaves.com\/pt-pt\/wp-json\/wp\/v2\/pages\/9096","targetHints":{"allow":["GET"]}}],"collection":[{"href":"https:\/\/canaves.com\/pt-pt\/wp-json\/wp\/v2\/pages"}],"about":[{"href":"https:\/\/canaves.com\/pt-pt\/wp-json\/wp\/v2\/types\/page"}],"author":[{"embeddable":true,"href":"https:\/\/canaves.com\/pt-pt\/wp-json\/wp\/v2\/users\/1"}],"replies":[{"embeddable":true,"href":"https:\/\/canaves.com\/pt-pt\/wp-json\/wp\/v2\/comments?post=9096"}],"version-history":[{"count":0,"href":"https:\/\/canaves.com\/pt-pt\/wp-json\/wp\/v2\/pages\/9096\/revisions"}],"wp:featuredmedia":[{"embeddable":true,"href":"https:\/\/canaves.com\/pt-pt\/wp-json\/wp\/v2\/media\/9097"}],"wp:attachment":[{"href":"https:\/\/canaves.com\/pt-pt\/wp-json\/wp\/v2\/media?parent=9096"}],"curies":[{"name":"wp","href":"https:\/\/api.w.org\/{rel}","templated":true}]}}