{"id":9098,"date":"2016-11-03T20:39:28","date_gmt":"2016-11-03T18:39:28","guid":{"rendered":"https:\/\/canaves.com\/experiences\/"},"modified":"2026-03-24T12:37:21","modified_gmt":"2026-03-24T10:37:21","slug":"experiences","status":"publish","type":"page","link":"https:\/\/canaves.com\/pt-pt\/experiences\/","title":{"rendered":"Experi\u00eancias"},"content":{"rendered":"<p>Na Canaves Collection, a tua viagem de luxo \u00e0 Gr\u00e9cia transcende a experi\u00eancia de f\u00e9rias comum. Descobre a beleza aut\u00eantica de Santorini com a nossa sele\u00e7\u00e3o personalizada de experi\u00eancias. Quer estejas a explorar a enigm\u00e1tica costa da ilha num iate ou a saborear a melhor gastronomia de Santorini, as nossas experi\u00eancias criam momentos que duram para sempre.  <\/p>\n","protected":false},"excerpt":{"rendered":"<p>Na Canaves Collection, a tua viagem de luxo \u00e0 Gr\u00e9cia transcende a experi\u00eancia de f\u00e9rias comum. Descobre a beleza aut\u00eantica de Santorini com a nossa sele\u00e7\u00e3o personalizada de experi\u00eancias. Quer estejas a explorar a enigm\u00e1tica costa da ilha num iate&hellip;<\/p>\n","protected":false},"author":1,"featured_media":4622,"parent":0,"menu_order":0,"comment_status":"closed","ping_status":"closed","template":"canportal\/experiences.php","meta":{"_acf_changed":false,"footnotes":""},"class_list":["post-9098","page","type-page","status-publish","has-post-thumbnail","hentry","property-portal-overlay","entry","has-media"],"acf":[],"aioseo_notices":[],"_links":{"self":[{"href":"https:\/\/canaves.com\/pt-pt\/wp-json\/wp\/v2\/pages\/9098","targetHints":{"allow":["GET"]}}],"collection":[{"href":"https:\/\/canaves.com\/pt-pt\/wp-json\/wp\/v2\/pages"}],"about":[{"href":"https:\/\/canaves.com\/pt-pt\/wp-json\/wp\/v2\/types\/page"}],"author":[{"embeddable":true,"href":"https:\/\/canaves.com\/pt-pt\/wp-json\/wp\/v2\/users\/1"}],"replies":[{"embeddable":true,"href":"https:\/\/canaves.com\/pt-pt\/wp-json\/wp\/v2\/comments?post=9098"}],"version-history":[{"count":0,"href":"https:\/\/canaves.com\/pt-pt\/wp-json\/wp\/v2\/pages\/9098\/revisions"}],"wp:featuredmedia":[{"embeddable":true,"href":"https:\/\/canaves.com\/pt-pt\/wp-json\/wp\/v2\/media\/4622"}],"wp:attachment":[{"href":"https:\/\/canaves.com\/pt-pt\/wp-json\/wp\/v2\/media?parent=9098"}],"curies":[{"name":"wp","href":"https:\/\/api.w.org\/{rel}","templated":true}]}}