{"id":9105,"date":"2016-10-31T13:20:28","date_gmt":"2016-10-31T11:20:28","guid":{"rendered":"https:\/\/canaves.com\/dining-2\/"},"modified":"2026-03-24T12:53:59","modified_gmt":"2026-03-24T10:53:59","slug":"dining","status":"publish","type":"page","link":"https:\/\/canaves.com\/pt-pt\/canaves-oia-hotel-ena\/dining\/","title":{"rendered":"Gastronomia"},"content":{"rendered":"<p>Embarca em jornadas culin\u00e1rias \u00e9picas no Canaves Ena. A suntuosa gastronomia inclui pratos gregos cl\u00e1ssicos, repletos de sabores fabulosos e confecionados com os melhores ingredientes, servidos num dos locais de restaura\u00e7\u00e3o mais requintados de Santorini ou no santu\u00e1rio da tua pr\u00f3pria suite privada. <\/p>\n","protected":false},"excerpt":{"rendered":"<p>Embarca em jornadas culin\u00e1rias \u00e9picas no Canaves Ena. A suntuosa gastronomia inclui pratos gregos cl\u00e1ssicos, repletos de sabores fabulosos e confecionados com os melhores ingredientes, servidos num dos locais de restaura\u00e7\u00e3o mais requintados de Santorini ou no santu\u00e1rio da tua&hellip;<\/p>\n","protected":false},"author":1,"featured_media":4622,"parent":9135,"menu_order":0,"comment_status":"closed","ping_status":"closed","template":"canena\/dining.php","meta":{"_acf_changed":false,"footnotes":""},"class_list":["post-9105","page","type-page","status-publish","has-post-thumbnail","hentry","property-ena-overlay","entry","has-media"],"acf":[],"aioseo_notices":[],"_links":{"self":[{"href":"https:\/\/canaves.com\/pt-pt\/wp-json\/wp\/v2\/pages\/9105","targetHints":{"allow":["GET"]}}],"collection":[{"href":"https:\/\/canaves.com\/pt-pt\/wp-json\/wp\/v2\/pages"}],"about":[{"href":"https:\/\/canaves.com\/pt-pt\/wp-json\/wp\/v2\/types\/page"}],"author":[{"embeddable":true,"href":"https:\/\/canaves.com\/pt-pt\/wp-json\/wp\/v2\/users\/1"}],"replies":[{"embeddable":true,"href":"https:\/\/canaves.com\/pt-pt\/wp-json\/wp\/v2\/comments?post=9105"}],"version-history":[{"count":0,"href":"https:\/\/canaves.com\/pt-pt\/wp-json\/wp\/v2\/pages\/9105\/revisions"}],"up":[{"embeddable":true,"href":"https:\/\/canaves.com\/pt-pt\/wp-json\/wp\/v2\/pages\/9135"}],"wp:featuredmedia":[{"embeddable":true,"href":"https:\/\/canaves.com\/pt-pt\/wp-json\/wp\/v2\/media\/4622"}],"wp:attachment":[{"href":"https:\/\/canaves.com\/pt-pt\/wp-json\/wp\/v2\/media?parent=9105"}],"curies":[{"name":"wp","href":"https:\/\/api.w.org\/{rel}","templated":true}]}}