{"id":9109,"date":"2016-10-31T13:09:40","date_gmt":"2016-10-31T11:09:40","guid":{"rendered":"https:\/\/canaves.com\/experiences-2\/"},"modified":"2026-03-24T12:24:45","modified_gmt":"2026-03-24T10:24:45","slug":"experiences","status":"publish","type":"page","link":"https:\/\/canaves.com\/pt-pt\/canaves-oia-hotel-ena\/experiences\/","title":{"rendered":"Experi\u00eancias"},"content":{"rendered":"<p>O Canaves Ena \u00e9 o cen\u00e1rio perfeito para celebrar os momentos mais especiais da vida. As nossas experi\u00eancias dedicadas a casais, desde expedi\u00e7\u00f5es encantadoras a jantares privados sob as estrelas, proporcionam momentos inesquec\u00edveis durante a tua viagem de luxo \u00e0 Gr\u00e9cia. <\/p>\n","protected":false},"excerpt":{"rendered":"<p>O Canaves Ena \u00e9 o cen\u00e1rio perfeito para celebrar os momentos mais especiais da vida. As nossas experi\u00eancias dedicadas a casais, desde expedi\u00e7\u00f5es encantadoras a jantares privados sob as estrelas, proporcionam momentos inesquec\u00edveis durante a tua viagem de luxo \u00e0&hellip;<\/p>\n","protected":false},"author":1,"featured_media":4622,"parent":9135,"menu_order":0,"comment_status":"closed","ping_status":"closed","template":"canena\/experiences.php","meta":{"_acf_changed":false,"footnotes":""},"class_list":["post-9109","page","type-page","status-publish","has-post-thumbnail","hentry","property-ena-overlay","entry","has-media"],"acf":[],"aioseo_notices":[],"_links":{"self":[{"href":"https:\/\/canaves.com\/pt-pt\/wp-json\/wp\/v2\/pages\/9109","targetHints":{"allow":["GET"]}}],"collection":[{"href":"https:\/\/canaves.com\/pt-pt\/wp-json\/wp\/v2\/pages"}],"about":[{"href":"https:\/\/canaves.com\/pt-pt\/wp-json\/wp\/v2\/types\/page"}],"author":[{"embeddable":true,"href":"https:\/\/canaves.com\/pt-pt\/wp-json\/wp\/v2\/users\/1"}],"replies":[{"embeddable":true,"href":"https:\/\/canaves.com\/pt-pt\/wp-json\/wp\/v2\/comments?post=9109"}],"version-history":[{"count":0,"href":"https:\/\/canaves.com\/pt-pt\/wp-json\/wp\/v2\/pages\/9109\/revisions"}],"up":[{"embeddable":true,"href":"https:\/\/canaves.com\/pt-pt\/wp-json\/wp\/v2\/pages\/9135"}],"wp:featuredmedia":[{"embeddable":true,"href":"https:\/\/canaves.com\/pt-pt\/wp-json\/wp\/v2\/media\/4622"}],"wp:attachment":[{"href":"https:\/\/canaves.com\/pt-pt\/wp-json\/wp\/v2\/media?parent=9109"}],"curies":[{"name":"wp","href":"https:\/\/api.w.org\/{rel}","templated":true}]}}