{"id":9111,"date":"2016-10-31T13:00:25","date_gmt":"2016-10-31T11:00:25","guid":{"rendered":"https:\/\/canaves.com\/accommodations\/"},"modified":"2026-03-24T12:25:21","modified_gmt":"2026-03-24T10:25:21","slug":"accommodations","status":"publish","type":"page","link":"https:\/\/canaves.com\/pt-pt\/canaves-oia-hotel-ena\/accommodations\/","title":{"rendered":"Alojamento"},"content":{"rendered":"<p>Suites de luxo recentemente renovadas, com o melhor em comodidades modernas e vistas deslumbrantes para a Caldeira e o Mar Egeu, com amplas \u00e1reas de estar e piscinas privadas de imers\u00e3o, ideais para acolher os teus dias e noites memor\u00e1veis num dos cen\u00e1rios mais deslumbrantes do mundo.<\/p>\n","protected":false},"excerpt":{"rendered":"<p>Suites de luxo recentemente renovadas, com o melhor em comodidades modernas e vistas deslumbrantes para a Caldeira e o Mar Egeu, com amplas \u00e1reas de estar e piscinas privadas de imers\u00e3o, ideais para acolher os teus dias e noites memor\u00e1veis&hellip;<\/p>\n","protected":false},"author":1,"featured_media":4622,"parent":9135,"menu_order":0,"comment_status":"closed","ping_status":"closed","template":"canena\/rooms.php","meta":{"_acf_changed":false,"footnotes":""},"class_list":["post-9111","page","type-page","status-publish","has-post-thumbnail","hentry","property-ena","entry","has-media"],"acf":[],"aioseo_notices":[],"_links":{"self":[{"href":"https:\/\/canaves.com\/pt-pt\/wp-json\/wp\/v2\/pages\/9111","targetHints":{"allow":["GET"]}}],"collection":[{"href":"https:\/\/canaves.com\/pt-pt\/wp-json\/wp\/v2\/pages"}],"about":[{"href":"https:\/\/canaves.com\/pt-pt\/wp-json\/wp\/v2\/types\/page"}],"author":[{"embeddable":true,"href":"https:\/\/canaves.com\/pt-pt\/wp-json\/wp\/v2\/users\/1"}],"replies":[{"embeddable":true,"href":"https:\/\/canaves.com\/pt-pt\/wp-json\/wp\/v2\/comments?post=9111"}],"version-history":[{"count":0,"href":"https:\/\/canaves.com\/pt-pt\/wp-json\/wp\/v2\/pages\/9111\/revisions"}],"up":[{"embeddable":true,"href":"https:\/\/canaves.com\/pt-pt\/wp-json\/wp\/v2\/pages\/9135"}],"wp:featuredmedia":[{"embeddable":true,"href":"https:\/\/canaves.com\/pt-pt\/wp-json\/wp\/v2\/media\/4622"}],"wp:attachment":[{"href":"https:\/\/canaves.com\/pt-pt\/wp-json\/wp\/v2\/media?parent=9111"}],"curies":[{"name":"wp","href":"https:\/\/api.w.org\/{rel}","templated":true}]}}