{"id":9113,"date":"2016-10-26T18:56:04","date_gmt":"2016-10-26T16:56:04","guid":{"rendered":"https:\/\/canaves.com\/experiences-2\/"},"modified":"2026-03-24T12:24:45","modified_gmt":"2026-03-24T10:24:45","slug":"experiences","status":"publish","type":"page","link":"https:\/\/canaves.com\/pt-pt\/canaves-oia-suites\/experiences\/","title":{"rendered":"Experi\u00eancias"},"content":{"rendered":"<p><span style=\"font-weight: 400;\">No Canaves Oia Suites, a tua estadia transcende a experi\u00eancia de f\u00e9rias comum. Deleita-te com a grandiosidade das <\/span>viagens de luxo em Santorini<span style=\"font-weight: 400;\"> com a nossa sele\u00e7\u00e3o personalizada de experi\u00eancias. Quer estejas a navegar pelas ondas numa luxuosa expedi\u00e7\u00e3o de iate ou a explorar a enigm\u00e1tica costa da ilha, uma variedade de aventuras aguarda-te nesta ilha vulc\u00e2nica encantadora.<\/span><\/p>\n","protected":false},"excerpt":{"rendered":"<p>No Canaves Oia Suites, a tua estadia transcende a experi\u00eancia de f\u00e9rias comum. Deleita-te com a grandiosidade das viagens de luxo em Santorini com a nossa sele\u00e7\u00e3o personalizada de experi\u00eancias. Quer estejas a navegar pelas ondas numa luxuosa expedi\u00e7\u00e3o de&hellip;<\/p>\n","protected":false},"author":1,"featured_media":4622,"parent":9133,"menu_order":0,"comment_status":"closed","ping_status":"closed","template":"cansuites\/experiences.php","meta":{"_acf_changed":false,"footnotes":""},"class_list":["post-9113","page","type-page","status-publish","has-post-thumbnail","hentry","property-suites-overlay","entry","has-media"],"acf":[],"aioseo_notices":[],"_links":{"self":[{"href":"https:\/\/canaves.com\/pt-pt\/wp-json\/wp\/v2\/pages\/9113","targetHints":{"allow":["GET"]}}],"collection":[{"href":"https:\/\/canaves.com\/pt-pt\/wp-json\/wp\/v2\/pages"}],"about":[{"href":"https:\/\/canaves.com\/pt-pt\/wp-json\/wp\/v2\/types\/page"}],"author":[{"embeddable":true,"href":"https:\/\/canaves.com\/pt-pt\/wp-json\/wp\/v2\/users\/1"}],"replies":[{"embeddable":true,"href":"https:\/\/canaves.com\/pt-pt\/wp-json\/wp\/v2\/comments?post=9113"}],"version-history":[{"count":0,"href":"https:\/\/canaves.com\/pt-pt\/wp-json\/wp\/v2\/pages\/9113\/revisions"}],"up":[{"embeddable":true,"href":"https:\/\/canaves.com\/pt-pt\/wp-json\/wp\/v2\/pages\/9133"}],"wp:featuredmedia":[{"embeddable":true,"href":"https:\/\/canaves.com\/pt-pt\/wp-json\/wp\/v2\/media\/4622"}],"wp:attachment":[{"href":"https:\/\/canaves.com\/pt-pt\/wp-json\/wp\/v2\/media?parent=9113"}],"curies":[{"name":"wp","href":"https:\/\/api.w.org\/{rel}","templated":true}]}}