{"id":9122,"date":"2016-10-04T13:19:26","date_gmt":"2016-10-04T11:19:26","guid":{"rendered":"https:\/\/canaves.com\/about-canaves-oia-suites\/"},"modified":"2026-03-24T12:24:55","modified_gmt":"2026-03-24T10:24:55","slug":"about-canaves-oia-suites","status":"publish","type":"page","link":"https:\/\/canaves.com\/pt-pt\/canaves-oia-suites\/about-canaves-oia-suites\/","title":{"rendered":"Sobre"},"content":{"rendered":"<p>Bem-vindo ao Canaves Oia Suites, um resort de luxo de elei\u00e7\u00e3o com 46 Su\u00edtes e Villas em Santorini, reconhecido pela sua localiza\u00e7\u00e3o deslumbrante, comodidades de classe mundial e vistas inigual\u00e1veis sobre a caldeira. Empoleirada no ponto mais alto de Oia, a nossa propriedade oferece vistas panor\u00e2micas espetaculares sobre o Mar Egeu, proximidade das famosas c\u00fapulas azuis de Santorini e do lend\u00e1rio ponto de observa\u00e7\u00e3o do p\u00f4r do sol. Combinando a arquitetura tradicional das C\u00edclades com a sofistica\u00e7\u00e3o moderna, o Canaves Oia Suites proporciona a escapadinha de luxo perfeita num dos destinos mais ic\u00f3nicos da Gr\u00e9cia.  <\/p>\n","protected":false},"excerpt":{"rendered":"<p>Bem-vindo ao Canaves Oia Suites, um resort de luxo de elei\u00e7\u00e3o com 46 Su\u00edtes e Villas em Santorini, reconhecido pela sua localiza\u00e7\u00e3o deslumbrante, comodidades de classe mundial e vistas inigual\u00e1veis sobre a caldeira. Empoleirada no ponto mais alto de Oia,&hellip;<\/p>\n","protected":false},"author":1,"featured_media":4622,"parent":9133,"menu_order":0,"comment_status":"closed","ping_status":"closed","template":"cansuites\/about.php","meta":{"_acf_changed":false,"footnotes":""},"class_list":["post-9122","page","type-page","status-publish","has-post-thumbnail","hentry","property-suites-overlay","entry","has-media"],"acf":[],"aioseo_notices":[],"_links":{"self":[{"href":"https:\/\/canaves.com\/pt-pt\/wp-json\/wp\/v2\/pages\/9122","targetHints":{"allow":["GET"]}}],"collection":[{"href":"https:\/\/canaves.com\/pt-pt\/wp-json\/wp\/v2\/pages"}],"about":[{"href":"https:\/\/canaves.com\/pt-pt\/wp-json\/wp\/v2\/types\/page"}],"author":[{"embeddable":true,"href":"https:\/\/canaves.com\/pt-pt\/wp-json\/wp\/v2\/users\/1"}],"replies":[{"embeddable":true,"href":"https:\/\/canaves.com\/pt-pt\/wp-json\/wp\/v2\/comments?post=9122"}],"version-history":[{"count":0,"href":"https:\/\/canaves.com\/pt-pt\/wp-json\/wp\/v2\/pages\/9122\/revisions"}],"up":[{"embeddable":true,"href":"https:\/\/canaves.com\/pt-pt\/wp-json\/wp\/v2\/pages\/9133"}],"wp:featuredmedia":[{"embeddable":true,"href":"https:\/\/canaves.com\/pt-pt\/wp-json\/wp\/v2\/media\/4622"}],"wp:attachment":[{"href":"https:\/\/canaves.com\/pt-pt\/wp-json\/wp\/v2\/media?parent=9122"}],"curies":[{"name":"wp","href":"https:\/\/api.w.org\/{rel}","templated":true}]}}