{"id":9125,"date":"2016-10-04T11:31:17","date_gmt":"2016-10-04T09:31:17","guid":{"rendered":"https:\/\/canaves.com\/weddings-oia-santorini-island-2\/"},"modified":"2026-03-24T12:25:04","modified_gmt":"2026-03-24T10:25:04","slug":"weddings-oia-santorini-island","status":"publish","type":"page","link":"https:\/\/canaves.com\/pt-pt\/canaves-oia-suites\/weddings-oia-santorini-island\/","title":{"rendered":"Casamentos"},"content":{"rendered":"<p><span style=\"font-weight: 400;\">A brisa fresca do Mar Egeu, o cen\u00e1rio deslumbrante do p\u00f4r do sol sobre a Caldeira e o ambiente id\u00edlico do nosso hotel boutique em Santorini criam o cen\u00e1rio mais rom\u00e2ntico para dizer aquelas palavras especiais\u2026 &#8220;Aceito&#8221;. Torna o teu casamento de conto de fadas uma realidade neste para\u00edso da ilha grega, um dos <\/span>melhores hot\u00e9is da Gr\u00e9cia<span style=\"font-weight: 400;\">, e marca o in\u00edcio de uma vida juntos com uma rece\u00e7\u00e3o de casamento majestosa para recordar para sempre.<\/span><\/p>\n","protected":false},"excerpt":{"rendered":"<p>A brisa fresca do Mar Egeu, o cen\u00e1rio deslumbrante do p\u00f4r do sol sobre a Caldeira e o ambiente id\u00edlico do nosso hotel boutique em Santorini criam o cen\u00e1rio mais rom\u00e2ntico para dizer aquelas palavras especiais\u2026 &#8220;Aceito&#8221;. Torna o teu&hellip;<\/p>\n","protected":false},"author":1,"featured_media":4622,"parent":9133,"menu_order":0,"comment_status":"closed","ping_status":"closed","template":"cansuites\/weddings.php","meta":{"_acf_changed":false,"footnotes":""},"class_list":["post-9125","page","type-page","status-publish","has-post-thumbnail","hentry","property-suites-overlay","entry","has-media"],"acf":[],"aioseo_notices":[],"_links":{"self":[{"href":"https:\/\/canaves.com\/pt-pt\/wp-json\/wp\/v2\/pages\/9125","targetHints":{"allow":["GET"]}}],"collection":[{"href":"https:\/\/canaves.com\/pt-pt\/wp-json\/wp\/v2\/pages"}],"about":[{"href":"https:\/\/canaves.com\/pt-pt\/wp-json\/wp\/v2\/types\/page"}],"author":[{"embeddable":true,"href":"https:\/\/canaves.com\/pt-pt\/wp-json\/wp\/v2\/users\/1"}],"replies":[{"embeddable":true,"href":"https:\/\/canaves.com\/pt-pt\/wp-json\/wp\/v2\/comments?post=9125"}],"version-history":[{"count":0,"href":"https:\/\/canaves.com\/pt-pt\/wp-json\/wp\/v2\/pages\/9125\/revisions"}],"up":[{"embeddable":true,"href":"https:\/\/canaves.com\/pt-pt\/wp-json\/wp\/v2\/pages\/9133"}],"wp:featuredmedia":[{"embeddable":true,"href":"https:\/\/canaves.com\/pt-pt\/wp-json\/wp\/v2\/media\/4622"}],"wp:attachment":[{"href":"https:\/\/canaves.com\/pt-pt\/wp-json\/wp\/v2\/media?parent=9125"}],"curies":[{"name":"wp","href":"https:\/\/api.w.org\/{rel}","templated":true}]}}