{"id":9128,"date":"2016-10-03T12:09:02","date_gmt":"2016-10-03T10:09:02","guid":{"rendered":"https:\/\/canaves.com\/careers\/"},"modified":"2026-03-24T12:19:46","modified_gmt":"2026-03-24T10:19:46","slug":"careers","status":"publish","type":"page","link":"https:\/\/canaves.com\/pt-pt\/careers\/","title":{"rendered":"Carreiras"},"content":{"rendered":"<p>Est\u00e1s interessado em trabalhar na ind\u00fastria do turismo e ganhar experi\u00eancia em propriedades de luxo na bela ilha de Santorini? O Canaves Collection convida-te a atravessar a porta m\u00e1gica para uma carreira de 5 estrelas na hotelaria! Junta-te \u00e0 nossa equipa extraordin\u00e1ria!  <\/p>\n","protected":false},"excerpt":{"rendered":"<p>Est\u00e1s interessado em trabalhar na ind\u00fastria do turismo e ganhar experi\u00eancia em propriedades de luxo na bela ilha de Santorini? O Canaves Collection convida-te a atravessar a porta m\u00e1gica para uma carreira de 5 estrelas na hotelaria! Junta-te \u00e0 nossa&hellip;<\/p>\n","protected":false},"author":1,"featured_media":4622,"parent":0,"menu_order":0,"comment_status":"closed","ping_status":"closed","template":"canportal\/careers.php","meta":{"_acf_changed":false,"footnotes":""},"class_list":["post-9128","page","type-page","status-publish","has-post-thumbnail","hentry","property-portal-overlay","entry","has-media"],"acf":[],"aioseo_notices":[],"_links":{"self":[{"href":"https:\/\/canaves.com\/pt-pt\/wp-json\/wp\/v2\/pages\/9128","targetHints":{"allow":["GET"]}}],"collection":[{"href":"https:\/\/canaves.com\/pt-pt\/wp-json\/wp\/v2\/pages"}],"about":[{"href":"https:\/\/canaves.com\/pt-pt\/wp-json\/wp\/v2\/types\/page"}],"author":[{"embeddable":true,"href":"https:\/\/canaves.com\/pt-pt\/wp-json\/wp\/v2\/users\/1"}],"replies":[{"embeddable":true,"href":"https:\/\/canaves.com\/pt-pt\/wp-json\/wp\/v2\/comments?post=9128"}],"version-history":[{"count":0,"href":"https:\/\/canaves.com\/pt-pt\/wp-json\/wp\/v2\/pages\/9128\/revisions"}],"wp:featuredmedia":[{"embeddable":true,"href":"https:\/\/canaves.com\/pt-pt\/wp-json\/wp\/v2\/media\/4622"}],"wp:attachment":[{"href":"https:\/\/canaves.com\/pt-pt\/wp-json\/wp\/v2\/media?parent=9128"}],"curies":[{"name":"wp","href":"https:\/\/api.w.org\/{rel}","templated":true}]}}