{"id":9130,"date":"2016-10-03T12:08:40","date_gmt":"2016-10-03T10:08:40","guid":{"rendered":"https:\/\/canaves.com\/travel-agents\/"},"modified":"2026-03-24T12:19:46","modified_gmt":"2026-03-24T10:19:46","slug":"travel-agents","status":"publish","type":"page","link":"https:\/\/canaves.com\/pt-pt\/travel-agents\/","title":{"rendered":"Agentes de Viagens"},"content":{"rendered":"<p>Obrigado por confiares em n\u00f3s para as f\u00e9rias especiais do teu cliente.<\/p>\n<p>Inscreve-te no nosso Clube Exclusivo de Agentes de Viagens e poder\u00e1s reservar online e ter acesso \u00e0s nossas melhores tarifas dispon\u00edveis e a todas as nossas ofertas de \u00faltima hora!<\/p>\n","protected":false},"excerpt":{"rendered":"<p>Obrigado por confiares em n\u00f3s para as f\u00e9rias especiais do teu cliente. Inscreve-te no nosso Clube Exclusivo de Agentes de Viagens e poder\u00e1s reservar online e ter acesso \u00e0s nossas melhores tarifas dispon\u00edveis e a todas as nossas ofertas de&hellip;<\/p>\n","protected":false},"author":1,"featured_media":4622,"parent":0,"menu_order":0,"comment_status":"closed","ping_status":"closed","template":"canportal\/travelagents.php","meta":{"_acf_changed":false,"footnotes":""},"class_list":["post-9130","page","type-page","status-publish","has-post-thumbnail","hentry","property-portal","entry","has-media"],"acf":[],"aioseo_notices":[],"_links":{"self":[{"href":"https:\/\/canaves.com\/pt-pt\/wp-json\/wp\/v2\/pages\/9130","targetHints":{"allow":["GET"]}}],"collection":[{"href":"https:\/\/canaves.com\/pt-pt\/wp-json\/wp\/v2\/pages"}],"about":[{"href":"https:\/\/canaves.com\/pt-pt\/wp-json\/wp\/v2\/types\/page"}],"author":[{"embeddable":true,"href":"https:\/\/canaves.com\/pt-pt\/wp-json\/wp\/v2\/users\/1"}],"replies":[{"embeddable":true,"href":"https:\/\/canaves.com\/pt-pt\/wp-json\/wp\/v2\/comments?post=9130"}],"version-history":[{"count":0,"href":"https:\/\/canaves.com\/pt-pt\/wp-json\/wp\/v2\/pages\/9130\/revisions"}],"wp:featuredmedia":[{"embeddable":true,"href":"https:\/\/canaves.com\/pt-pt\/wp-json\/wp\/v2\/media\/4622"}],"wp:attachment":[{"href":"https:\/\/canaves.com\/pt-pt\/wp-json\/wp\/v2\/media?parent=9130"}],"curies":[{"name":"wp","href":"https:\/\/api.w.org\/{rel}","templated":true}]}}