{"id":9131,"date":"2016-10-01T11:17:09","date_gmt":"2016-10-01T09:17:09","guid":{"rendered":"https:\/\/canaves.com\/accommodations-2\/"},"modified":"2026-03-24T12:19:45","modified_gmt":"2026-03-24T10:19:45","slug":"accommodations","status":"publish","type":"page","link":"https:\/\/canaves.com\/pt-pt\/canaves-oia-suites\/accommodations\/","title":{"rendered":"Alojamento"},"content":{"rendered":"<p>Suites de luxo recentemente renovadas que oferecem o m\u00e1ximo em instala\u00e7\u00f5es modernas e vistas deslumbrantes para a Caldeira e o Mar Egeu, com \u00e1reas de estar espa\u00e7osas e piscinas privadas, ideais para acolher os teus dias e noites memor\u00e1veis num dos cen\u00e1rios mais deslumbrantes do mundo.<\/p>\n","protected":false},"excerpt":{"rendered":"<p>Suites de luxo recentemente renovadas que oferecem o m\u00e1ximo em instala\u00e7\u00f5es modernas e vistas deslumbrantes para a Caldeira e o Mar Egeu, com \u00e1reas de estar espa\u00e7osas e piscinas privadas, ideais para acolher os teus dias e noites memor\u00e1veis num&hellip;<\/p>\n","protected":false},"author":1,"featured_media":4622,"parent":9133,"menu_order":0,"comment_status":"closed","ping_status":"closed","template":"cansuites\/rooms.php","meta":{"_acf_changed":false,"footnotes":""},"class_list":["post-9131","page","type-page","status-publish","has-post-thumbnail","hentry","property-suites","entry","has-media"],"acf":[],"aioseo_notices":[],"_links":{"self":[{"href":"https:\/\/canaves.com\/pt-pt\/wp-json\/wp\/v2\/pages\/9131","targetHints":{"allow":["GET"]}}],"collection":[{"href":"https:\/\/canaves.com\/pt-pt\/wp-json\/wp\/v2\/pages"}],"about":[{"href":"https:\/\/canaves.com\/pt-pt\/wp-json\/wp\/v2\/types\/page"}],"author":[{"embeddable":true,"href":"https:\/\/canaves.com\/pt-pt\/wp-json\/wp\/v2\/users\/1"}],"replies":[{"embeddable":true,"href":"https:\/\/canaves.com\/pt-pt\/wp-json\/wp\/v2\/comments?post=9131"}],"version-history":[{"count":0,"href":"https:\/\/canaves.com\/pt-pt\/wp-json\/wp\/v2\/pages\/9131\/revisions"}],"up":[{"embeddable":true,"href":"https:\/\/canaves.com\/pt-pt\/wp-json\/wp\/v2\/pages\/9133"}],"wp:featuredmedia":[{"embeddable":true,"href":"https:\/\/canaves.com\/pt-pt\/wp-json\/wp\/v2\/media\/4622"}],"wp:attachment":[{"href":"https:\/\/canaves.com\/pt-pt\/wp-json\/wp\/v2\/media?parent=9131"}],"curies":[{"name":"wp","href":"https:\/\/api.w.org\/{rel}","templated":true}]}}