{"id":9133,"date":"2016-09-28T17:34:04","date_gmt":"2016-09-28T15:34:04","guid":{"rendered":"https:\/\/canaves.com\/canaves-oia-suites\/"},"modified":"2026-03-24T12:19:48","modified_gmt":"2026-03-24T10:19:48","slug":"canaves-oia-suites","status":"publish","type":"page","link":"https:\/\/canaves.com\/pt-pt\/canaves-oia-suites\/","title":{"rendered":"Canaves Oia Suites"},"content":{"rendered":"<p>O Canaves Oia Suites convida os h\u00f3spedes que procuram um alojamento de luxo em Oia Santorini a desfrutar da eleg\u00e2ncia de um ref\u00fagio de f\u00e9rias muito especial<\/p>\n","protected":false},"excerpt":{"rendered":"<p>O Canaves Oia Suites convida os h\u00f3spedes que procuram um alojamento de luxo em Oia Santorini a desfrutar da eleg\u00e2ncia de um ref\u00fagio de f\u00e9rias muito especial<\/p>\n","protected":false},"author":1,"featured_media":4622,"parent":0,"menu_order":0,"comment_status":"closed","ping_status":"closed","template":"cansuites\/home.php","meta":{"_acf_changed":false,"footnotes":""},"class_list":["post-9133","page","type-page","status-publish","has-post-thumbnail","hentry","property-suites-overlay","entry","has-media"],"acf":[],"aioseo_notices":[],"_links":{"self":[{"href":"https:\/\/canaves.com\/pt-pt\/wp-json\/wp\/v2\/pages\/9133","targetHints":{"allow":["GET"]}}],"collection":[{"href":"https:\/\/canaves.com\/pt-pt\/wp-json\/wp\/v2\/pages"}],"about":[{"href":"https:\/\/canaves.com\/pt-pt\/wp-json\/wp\/v2\/types\/page"}],"author":[{"embeddable":true,"href":"https:\/\/canaves.com\/pt-pt\/wp-json\/wp\/v2\/users\/1"}],"replies":[{"embeddable":true,"href":"https:\/\/canaves.com\/pt-pt\/wp-json\/wp\/v2\/comments?post=9133"}],"version-history":[{"count":0,"href":"https:\/\/canaves.com\/pt-pt\/wp-json\/wp\/v2\/pages\/9133\/revisions"}],"wp:featuredmedia":[{"embeddable":true,"href":"https:\/\/canaves.com\/pt-pt\/wp-json\/wp\/v2\/media\/4622"}],"wp:attachment":[{"href":"https:\/\/canaves.com\/pt-pt\/wp-json\/wp\/v2\/media?parent=9133"}],"curies":[{"name":"wp","href":"https:\/\/api.w.org\/{rel}","templated":true}]}}