{"id":9135,"date":"2016-09-28T17:33:36","date_gmt":"2016-09-28T15:33:36","guid":{"rendered":"https:\/\/canaves.com\/canaves-oia-hotel-ena\/"},"modified":"2026-03-24T12:19:47","modified_gmt":"2026-03-24T10:19:47","slug":"canaves-oia-hotel-ena","status":"publish","type":"page","link":"https:\/\/canaves.com\/pt-pt\/canaves-oia-hotel-ena\/","title":{"rendered":"Canaves Ena"},"content":{"rendered":"<p><span style=\"font-weight: 400;\">Espa\u00e7os elegantes com uma est\u00e9tica intemporal, o Canaves Ena \u00e9 uma cole\u00e7\u00e3o de suites \u00fanicas aninhadas no para\u00edso da ilha grega de Santorini. Aqui, o minimalismo encontra o luxo, com designs de bom gosto perfeitamente complementados pela beleza natural envolvente. Interiores caiados de branco deslumbrantes fluem para varandas privadas amplas com \u00e1reas de refei\u00e7\u00f5es ao ar livre, proporcionando vistas deslumbrantes sobre a Caldeira e o Mar Egeu.  <\/span><\/p>\n","protected":false},"excerpt":{"rendered":"<p>Espa\u00e7os elegantes com uma est\u00e9tica intemporal, o Canaves Ena \u00e9 uma cole\u00e7\u00e3o de suites \u00fanicas aninhadas no para\u00edso da ilha grega de Santorini. Aqui, o minimalismo encontra o luxo, com designs de bom gosto perfeitamente complementados pela beleza natural envolvente.&hellip;<\/p>\n","protected":false},"author":1,"featured_media":9137,"parent":0,"menu_order":0,"comment_status":"closed","ping_status":"closed","template":"canena\/home.php","meta":{"_acf_changed":false,"footnotes":""},"class_list":["post-9135","page","type-page","status-publish","has-post-thumbnail","hentry","property-ena-overlay","entry","has-media"],"acf":[],"aioseo_notices":[],"_links":{"self":[{"href":"https:\/\/canaves.com\/pt-pt\/wp-json\/wp\/v2\/pages\/9135","targetHints":{"allow":["GET"]}}],"collection":[{"href":"https:\/\/canaves.com\/pt-pt\/wp-json\/wp\/v2\/pages"}],"about":[{"href":"https:\/\/canaves.com\/pt-pt\/wp-json\/wp\/v2\/types\/page"}],"author":[{"embeddable":true,"href":"https:\/\/canaves.com\/pt-pt\/wp-json\/wp\/v2\/users\/1"}],"replies":[{"embeddable":true,"href":"https:\/\/canaves.com\/pt-pt\/wp-json\/wp\/v2\/comments?post=9135"}],"version-history":[{"count":0,"href":"https:\/\/canaves.com\/pt-pt\/wp-json\/wp\/v2\/pages\/9135\/revisions"}],"wp:featuredmedia":[{"embeddable":true,"href":"https:\/\/canaves.com\/pt-pt\/wp-json\/wp\/v2\/media\/9137"}],"wp:attachment":[{"href":"https:\/\/canaves.com\/pt-pt\/wp-json\/wp\/v2\/media?parent=9135"}],"curies":[{"name":"wp","href":"https:\/\/api.w.org\/{rel}","templated":true}]}}