{"id":9138,"date":"2016-09-22T20:00:19","date_gmt":"2016-09-22T18:00:19","guid":{"rendered":"https:\/\/canaves.com\/home\/"},"modified":"2026-03-24T13:52:24","modified_gmt":"2026-03-24T11:52:24","slug":"home","status":"publish","type":"page","link":"https:\/\/canaves.com\/pt-pt\/","title":{"rendered":"In\u00edcio"},"content":{"rendered":"<p>Desfruta de uma estadia singular com a nossa cole\u00e7\u00e3o de hot\u00e9is boutique de luxo em Oia, Santorini. Com o cen\u00e1rio deslumbrante de mares azuis e pores do sol sensacionais como pano de fundo, as nossas su\u00edtes opulentas e moradias privadas, as piscinas de rebordo infinito perfeitas e o servi\u00e7o personalizado redefinem a arte da hospitalidade. <\/p>\n","protected":false},"excerpt":{"rendered":"<p>Desfruta de uma estadia singular com a nossa cole\u00e7\u00e3o de hot\u00e9is boutique de luxo em Oia, Santorini. Com o cen\u00e1rio deslumbrante de mares azuis e pores do sol sensacionais como pano de fundo, as nossas su\u00edtes opulentas e moradias privadas,&hellip;<\/p>\n","protected":false},"author":1,"featured_media":4622,"parent":0,"menu_order":0,"comment_status":"closed","ping_status":"closed","template":"canportal\/home.php","meta":{"_acf_changed":false,"footnotes":""},"class_list":["post-9138","page","type-page","status-publish","has-post-thumbnail","hentry","property-portal-overlay","entry","has-media"],"acf":[],"aioseo_notices":[],"_links":{"self":[{"href":"https:\/\/canaves.com\/pt-pt\/wp-json\/wp\/v2\/pages\/9138","targetHints":{"allow":["GET"]}}],"collection":[{"href":"https:\/\/canaves.com\/pt-pt\/wp-json\/wp\/v2\/pages"}],"about":[{"href":"https:\/\/canaves.com\/pt-pt\/wp-json\/wp\/v2\/types\/page"}],"author":[{"embeddable":true,"href":"https:\/\/canaves.com\/pt-pt\/wp-json\/wp\/v2\/users\/1"}],"replies":[{"embeddable":true,"href":"https:\/\/canaves.com\/pt-pt\/wp-json\/wp\/v2\/comments?post=9138"}],"version-history":[{"count":0,"href":"https:\/\/canaves.com\/pt-pt\/wp-json\/wp\/v2\/pages\/9138\/revisions"}],"wp:featuredmedia":[{"embeddable":true,"href":"https:\/\/canaves.com\/pt-pt\/wp-json\/wp\/v2\/media\/4622"}],"wp:attachment":[{"href":"https:\/\/canaves.com\/pt-pt\/wp-json\/wp\/v2\/media?parent=9138"}],"curies":[{"name":"wp","href":"https:\/\/api.w.org\/{rel}","templated":true}]}}